{"id":670,"date":"2021-06-07T13:58:38","date_gmt":"2021-06-07T13:58:38","guid":{"rendered":"https:\/\/mojoincorporation.com\/?page_id=670"},"modified":"2026-01-28T19:18:28","modified_gmt":"2026-01-28T19:18:28","slug":"dates-2","status":"publish","type":"page","link":"https:\/\/mojoincorporation.com\/?page_id=670","title":{"rendered":"dates"},"content":{"rendered":"\n<p><\/p>\n\n\n\n<h4 class=\"wp-block-heading\">BAKER HOUSIN&#8216; Release Tour<\/h4>\n\n\n\n<p>07.03.2026<\/p>\n\n\n\n<p>Graz Wakuum<\/p>\n\n\n\n<h4 class=\"wp-block-heading\">BAKER HOUSIN&#8216; Release Tour<\/h4>\n\n\n\n<p>27.02.2026<\/p>\n\n\n\n<p>Treibhaus Innsbruck<\/p>\n\n\n\n<h4 class=\"wp-block-heading\">BAKER HOUSIN&#8216; Release Tour \/\/ Support: Lucia Leena<\/h4>\n\n\n\n<p>06.02.2026<\/p>\n\n\n\n<p>Kramladen Wien<\/p>\n\n\n\n<h4 class=\"wp-block-heading\">BAKER HOUSIN&#8216; Release Tour \/\/ Support: The Zew<\/h4>\n\n\n\n<p>30.1.2026<\/p>\n\n\n\n<p>Linz Stwst<\/p>\n\n\n\n<h4 class=\"wp-block-heading\"><a href=\"https:\/\/www.ramlwirt.at\/kalender\/2025\/12\/30\/mojo-incorporation-support-brass-quintett-neumarkt\">Mojo Incorporation \/\/ Support: Brass Quintett Neumarkt<\/a><\/h4>\n\n\n\n<p>30.12.2025<\/p>\n\n\n\n<p>Ramlwirt<\/p>\n\n\n\n<h4 class=\"wp-block-heading\">Winterfest<\/h4>\n\n\n\n<p>29.11.2025<\/p>\n\n\n\n<p>B\u00e4ckerhaus St. Georgen an der Gusen<\/p>\n\n\n\n<h4 class=\"wp-block-heading\">Kulturverein Willy &#8211; Hallo Welt Fest<\/h4>\n\n\n\n<p>31.10.2025<\/p>\n\n\n\n<p>Stwst Linz<\/p>\n\n\n\n<h4 class=\"wp-block-heading\">Treibhaus<\/h4>\n\n\n\n<p>24.10.2025<\/p>\n\n\n\n<p>Innsbruck<\/p>\n\n\n\n<h4 class=\"wp-block-heading\">Brunch Jazzfestival Saalfelden<\/h4>\n\n\n\n<p>22.08.2025<\/p>\n\n\n\n<p>Leogang &#8211; Mama Thresl <\/p>\n\n\n\n<p><\/p>\n\n\n\n<h4 class=\"wp-block-heading\">Sommerfest<\/h4>\n\n\n\n<p>16.08.2025<\/p>\n\n\n\n<p>Gallneukirchen<\/p>\n\n\n\n<p><\/p>\n\n\n\n<h4 class=\"wp-block-heading\">Hoffest Tragwein<\/h4>\n\n\n\n<p>14.08.2025<\/p>\n\n\n\n<p>Tragwein<\/p>\n\n\n\n<p><\/p>\n\n\n\n<h4 class=\"wp-block-heading\">Zirbenschl\u00f6ssl<br><\/h4>\n\n\n\n<p>09.04.2025<\/p>\n\n\n\n<p>Sipbachzell<\/p>\n\n\n\n<p><\/p>\n\n\n\n<h4 class=\"wp-block-heading\">W\u00f6schball<\/h4>\n\n\n\n<p>22.03.2025<\/p>\n\n\n\n<p>Ehrenfelden<\/p>\n\n\n\n<p><\/p>\n\n\n\n<h4 class=\"wp-block-heading\">Alte Schule<\/h4>\n\n\n\n<p>07.Dezember 2024<\/p>\n\n\n\n<p>Gutau<\/p>\n\n\n\n<h4 class=\"wp-block-heading\"><br><br>Schlachthof<\/h4>\n\n\n\n<p>05.Dezember 2024<\/p>\n\n\n\n<p>Wels Schlachthof<\/p>\n\n\n\n<h4 class=\"wp-block-heading\">Leonding<\/h4>\n\n\n\n<p>16.November 2024<\/p>\n\n\n\n<p>Rathauskeller<\/p>\n\n\n\n<h4 class=\"wp-block-heading\">STWST + Isaac Gluten<\/h4>\n\n\n\n<p>12.Oktober 2024<\/p>\n\n\n\n<p>Linz Stadtwerkstatt<\/p>\n\n\n\n<p><\/p>\n\n\n\n<h4 class=\"wp-block-heading\">Kramladen<\/h4>\n\n\n\n<p>28.September 2024<\/p>\n\n\n\n<p>Wien <\/p>\n\n\n\n<p><\/p>\n\n\n\n<h4 class=\"wp-block-heading\">Brunch Jazzfestival Saalfelden<\/h4>\n\n\n\n<p>23.August 2024<\/p>\n\n\n\n<p>Leogang &#8211; Mama Thresl<\/p>\n\n\n\n<p><\/p>\n\n\n\n<h4 class=\"wp-block-heading\">B\u00e4ckerhaus Sommerfest<\/h4>\n\n\n\n<p>20.Juli 2024<\/p>\n\n\n\n<p>St. Georgen an der Gusen<\/p>\n\n\n\n<p><\/p>\n\n\n\n<h4 class=\"wp-block-heading\">INOK-Sommerfest<\/h4>\n\n\n\n<p>13.Juli 2024<\/p>\n\n\n\n<p>Schlierbach<\/p>\n\n\n\n<p><\/p>\n\n\n\n<h4 class=\"wp-block-heading\">R\u00f6da Steyr<\/h4>\n\n\n\n<p>08.M\u00e4rz 2024<\/p>\n\n\n\n<p>Steyr<\/p>\n\n\n\n<p>&#8212;&#8212;&#8212;&#8212;&#8212;&#8212;&#8212;&#8212;&#8212;&#8212;<\/p>\n\n\n\n<h4 class=\"wp-block-heading\">Kapu<\/h4>\n\n\n\n<p>06.Oktober 2023<\/p>\n\n\n\n<p>Linz<\/p>\n\n\n\n<p><\/p>\n\n\n\n<h4 class=\"wp-block-heading\">Jazzfestival Saalfelden<\/h4>\n\n\n\n<p>18.August 2023<\/p>\n\n\n\n<p>Saalfelden<\/p>\n\n\n\n<p><\/p>\n\n\n\n<h4 class=\"wp-block-heading\">Rock im Dorf<\/h4>\n\n\n\n<p>22.Juli 2023<\/p>\n\n\n\n<p>Kirchdorf\/Krems<\/p>\n\n\n\n<p><\/p>\n\n\n\n<h4 class=\"wp-block-heading\">Club Hildegard<\/h4>\n\n\n\n<p>27.Mai 2023<\/p>\n\n\n\n<p>Kirchdorf an der Krems<\/p>\n\n\n\n<p><\/p>\n\n\n\n<h4 class=\"wp-block-heading\">Club Wakuum<\/h4>\n\n\n\n<p>26.Mai 2023<\/p>\n\n\n\n<p>Graz &#8211; Stmk<\/p>\n\n\n\n<p><\/p>\n\n\n\n<h4 class=\"wp-block-heading\">Release Show<\/h4>\n\n\n\n<p>25.Februar 2023<\/p>\n\n\n\n<p>Posthof Linz<\/p>\n\n\n\n<p>&#8212;&#8212;&#8212;&#8212;&#8212;&#8212;&#8212;&#8212;-<\/p>\n\n\n\n<h4 class=\"wp-block-heading\">Frequency &#8211; Festival<\/h4>\n\n\n\n<p>19.August 2022<\/p>\n\n\n\n<p>St. P\u00f6lten<\/p>\n\n\n\n<p><\/p>\n\n\n\n<h4 class=\"wp-block-heading\">Gasthaus Thaller &#8211; Reservierung erforderlich!<\/h4>\n\n\n\n<p>15.August 2022<\/p>\n\n\n\n<p>St. Veit am Vogau<\/p>\n\n\n\n<p><\/p>\n\n\n\n<h4 class=\"wp-block-heading\">Horst Klub<\/h4>\n\n\n\n<p>13.August 2022<\/p>\n\n\n\n<p>Kreuzlingen -CHE<\/p>\n\n\n\n<p><\/p>\n\n\n\n<h4 class=\"wp-block-heading\">JAZZ CAN DANCE &#8211; Festival<\/h4>\n\n\n\n<p>6.August 2022<\/p>\n\n\n\n<p>Passau &#8211; D<\/p>\n\n\n\n<p><\/p>\n\n\n\n<h4 class=\"wp-block-heading\">The Raven<\/h4>\n\n\n\n<p>05.August 2022<\/p>\n\n\n\n<p>Straubing -D<\/p>\n\n\n\n<p><\/p>\n\n\n\n<h4 class=\"wp-block-heading\">Release-Konzert &#8211; Stwst<\/h4>\n\n\n\n<p>28.Mai 2022<\/p>\n\n\n\n<p>Linz<\/p>\n\n\n\n<p>&#8212;&#8212;&#8212;&#8212;&#8212;&#8212;&#8212;&#8212;&#8211;<\/p>\n\n\n\n<h4 class=\"wp-block-heading\">Schlot<\/h4>\n\n\n\n<p>05.November 2021<\/p>\n\n\n\n<p>Linz<\/p>\n\n\n\n<p><\/p>\n\n\n\n<h4 class=\"wp-block-heading\"><mark style=\"background-color:rgba(0, 0, 0, 0)\" class=\"has-inline-color has-vivid-red-color\">ABGESAGT<\/mark> &#8211; FM4 &#8211; Frequency<\/h4>\n\n\n\n<p>20.August 2021<\/p>\n\n\n\n<p>St. P\u00f6lten<\/p>\n\n\n\n<p><\/p>\n\n\n\n<h4 class=\"wp-block-heading\">Poolbar-Festival<\/h4>\n\n\n\n<p>15.August 2021<\/p>\n\n\n\n<p>Feldkirch, Vorarlberg<\/p>\n\n\n\n<p><\/p>\n\n\n\n<h4 class=\"wp-block-heading\">B\u00e4ckerhaus<\/h4>\n\n\n\n<p>17.Juli 2021<\/p>\n\n\n\n<p>St. Georgen an der Gusen<\/p>\n\n\n\n<p><\/p>\n\n\n\n<h4 class=\"wp-block-heading\">Musikpavillon<\/h4>\n\n\n\n<p>30.Juni 2021<\/p>\n\n\n\n<p>Linz<\/p>\n\n\n\n<p>&#8212;&#8212;&#8212;&#8212;&#8212;&#8212;&#8212;-<\/p>\n\n\n\n<h4 class=\"wp-block-heading\">Reindorfgassenfest<\/h4>\n\n\n\n<p>12.September 2020<\/p>\n\n\n\n<p>Wien<\/p>\n\n\n\n<p><\/p>\n\n\n\n<h4 class=\"wp-block-heading\">Blaibacher See Open Air<\/h4>\n\n\n\n<p>31.Juli 2020, 20:00<\/p>\n\n\n\n<p>Freiluftb\u00fchne am Ludwigsberg -D<\/p>\n\n\n\n<p><\/p>\n\n\n\n<h4 class=\"wp-block-heading\"><mark style=\"background-color:rgba(0, 0, 0, 0)\" class=\"has-inline-color has-vivid-red-color\">ABGESAGT<\/mark> &#8211; JAZZ CAN DANCE<\/h4>\n\n\n\n<p>31.Juli 2020<\/p>\n\n\n\n<p>Passau &#8211; D<\/p>\n\n\n\n<p><\/p>\n\n\n\n<h4 class=\"wp-block-heading\">The Raven<\/h4>\n\n\n\n<p>30.Juli 2020, 19:30<\/p>\n\n\n\n<p>Straubing &#8211; D<\/p>\n\n\n\n<p><\/p>\n\n\n\n<h4 class=\"wp-block-heading\">Galanacht des Sports 2020<\/h4>\n\n\n\n<p>7.J\u00e4nner 2020<\/p>\n\n\n\n<p>Brucknerhaus Linz<\/p>\n\n\n\n<p><\/p>\n\n\n\n<h4 class=\"wp-block-heading\">Tschebbarwoggi<\/h4>\n\n\n\n<p>25.J\u00e4nner 2020<\/p>\n\n\n\n<p>Schwertberg<\/p>\n\n\n\n<p>&#8212;&#8212;&#8212;&#8212;&#8212;&#8212;&#8212;&#8211;<\/p>\n\n\n\n<h4 class=\"wp-block-heading\">Hausbootball der Tiere 2019 &#8211; &#8222;Meuterei auf der Arche&#8220;<\/h4>\n\n\n\n<p>27.Dezember 2019<\/p>\n\n\n\n<p>Salonschiff Fr\u00e4ulein Florentine<\/p>\n\n\n\n<p><\/p>\n\n\n\n<h4 class=\"wp-block-heading\">Gutes Essen f\u00fcr alle . Tagung f\u00fcr Ern\u00e4hrungssouver\u00e4nit\u00e4t<\/h4>\n\n\n\n<p>2.November 2019, 20:30<\/p>\n\n\n\n<p>Tabakfabrik &#8211; Schule des Ungehorsams, Linz<\/p>\n\n\n\n<p><\/p>\n\n\n\n<h4 class=\"wp-block-heading\">Album-Release &#8222;Oh, Boy!&#8220;<\/h4>\n\n\n\n<p>1.November 2019, 20:00<\/p>\n\n\n\n<p>KAPU Linz<\/p>\n\n\n\n<p><\/p>\n\n\n\n<h4 class=\"wp-block-heading\">VIELFALT.in.Concert 2019<\/h4>\n\n\n\n<p>19.Juni 2019<\/p>\n\n\n\n<p>Maindeck Ars Electronica Center Linz<\/p>\n\n\n\n<p><\/p>\n\n\n\n<h4 class=\"wp-block-heading\">Kulturverein R\u00f6da<\/h4>\n\n\n\n<p>25.Mai 2019<\/p>\n\n\n\n<p>Kv R\u00f6da, Steyr<\/p>\n\n\n\n<blockquote class=\"wp-block-quote is-layout-flow wp-block-quote-is-layout-flow\">\n<p><\/p>\n<\/blockquote>\n\n\n\n<p><strong>blues soul funk rock and some balkanbeat<\/strong><\/p>\n\n\n\n<p>30.Mai 2019<\/p>\n\n\n\n<p>Tschebbawoggi, Schwertberg<\/p>\n\n\n\n<blockquote class=\"wp-block-quote is-layout-flow wp-block-quote-is-layout-flow\">\n<p>&#8212;&#8212;&#8212;&#8212;&#8212;<\/p>\n<\/blockquote>\n\n\n\n<p><strong>Bearded Bird Konzert 0: Schl\u00fcpferparty<\/strong><\/p>\n\n\n\n<p>26.Mai 2018<\/p>\n\n\n\n<p>B\u00f6llerbauer Initiative Kultur, Haag<\/p>\n\n\n\n<blockquote class=\"wp-block-quote is-layout-flow wp-block-quote-is-layout-flow\">\n<p><\/p>\n<\/blockquote>\n","protected":false},"excerpt":{"rendered":"<p>BAKER HOUSIN&#8216; Release Tour 07.03.2026 Graz Wakuum BAKER HOUSIN&#8216; Release Tour 27.02.2026 Treibhaus Innsbruck BAKER HOUSIN&#8216; Release Tour \/\/ Support: Lucia Leena 06.02.2026 Kramladen Wien BAKER HOUSIN&#8216; Release Tour \/\/ Support: The Zew 30.1.2026 Linz Stwst Mojo Incorporation \/\/ Support: Brass Quintett Neumarkt 30.12.2025 Ramlwirt Winterfest 29.11.2025 B\u00e4ckerhaus St. Georgen an der Gusen Kulturverein Willy &hellip; <\/p>\n<p class=\"link-more\"><a href=\"https:\/\/mojoincorporation.com\/?page_id=670\" class=\"more-link\">Continue reading<span class=\"screen-reader-text\"> &#8222;dates&#8220;<\/span><\/a><\/p>\n","protected":false},"author":1,"featured_media":0,"parent":0,"menu_order":0,"comment_status":"closed","ping_status":"closed","template":"","meta":{"footnotes":""},"class_list":["post-670","page","type-page","status-publish","hentry"],"_links":{"self":[{"href":"https:\/\/mojoincorporation.com\/index.php?rest_route=\/wp\/v2\/pages\/670","targetHints":{"allow":["GET"]}}],"collection":[{"href":"https:\/\/mojoincorporation.com\/index.php?rest_route=\/wp\/v2\/pages"}],"about":[{"href":"https:\/\/mojoincorporation.com\/index.php?rest_route=\/wp\/v2\/types\/page"}],"author":[{"embeddable":true,"href":"https:\/\/mojoincorporation.com\/index.php?rest_route=\/wp\/v2\/users\/1"}],"replies":[{"embeddable":true,"href":"https:\/\/mojoincorporation.com\/index.php?rest_route=%2Fwp%2Fv2%2Fcomments&post=670"}],"version-history":[{"count":16,"href":"https:\/\/mojoincorporation.com\/index.php?rest_route=\/wp\/v2\/pages\/670\/revisions"}],"predecessor-version":[{"id":807,"href":"https:\/\/mojoincorporation.com\/index.php?rest_route=\/wp\/v2\/pages\/670\/revisions\/807"}],"wp:attachment":[{"href":"https:\/\/mojoincorporation.com\/index.php?rest_route=%2Fwp%2Fv2%2Fmedia&parent=670"}],"curies":[{"name":"wp","href":"https:\/\/api.w.org\/{rel}","templated":true}]}}